{"id":13,"date":"2024-02-16T13:55:31","date_gmt":"2024-02-16T13:55:31","guid":{"rendered":"https:\/\/omasleckererezepte.com\/?page_id=13"},"modified":"2024-02-16T13:55:31","modified_gmt":"2024-02-16T13:55:31","slug":"rechtliche-hinweise","status":"publish","type":"page","link":"https:\/\/omasleckererezepte.com\/?page_id=13","title":{"rendered":"Rechtliche Hinweise"},"content":{"rendered":"\n<p><strong>Gem\u00e4\u00df den Bestimmungen der Artikel 6-III und 19 des Gesetzes Nr. 2004-575 vom 21. Juni 2004 \u00fcber das Vertrauen in die digitale Wirtschaft (L.C.E.N.) werden den Nutzern und Besuchern der Website Recettesgrandmere die vorliegenden rechtlichen Hinweise zur Kenntnis gebracht.<\/strong><\/p>\n\n\n\n<p>Die Website Recettesgrandmere ist unter folgender Adresse zug\u00e4nglich: http:\/\/recettesgrandmere.com (nachstehend \u00ab&nbsp;die Website&nbsp;\u00bb). Der Zugriff auf und die Nutzung der Website unterliegen den nachstehend aufgef\u00fchrten \u00ab&nbsp;rechtlichen Hinweisen&nbsp;\u00bb sowie den geltenden Gesetzen und\/oder Vorschriften.<\/p>\n\n\n\n<p>Die Verbindung, die Nutzung und der Zugang zu dieser Website setzen voraus, dass der Internetnutzer alle Bestimmungen der vorliegenden rechtlichen Hinweise vollst\u00e4ndig und vorbehaltlos akzeptiert.<\/p>\n\n\n\n<p>ARTIKEL 1 \u2013 RECHTLICHE INFORMATIONEN<\/p>\n\n\n\n<p>Gem\u00e4\u00df Artikel 6 des Gesetzes Nr. 2004-575 vom 21. Juni 2004 \u00fcber das Vertrauen in die digitale Wirtschaft wird in diesem Artikel die Identit\u00e4t der verschiedenen Akteure im Rahmen seiner Erstellung und Betreuung angegeben.<\/p>\n\n\n\n<p>Die Website Recettesgrandmere wird gehostet von :<\/p>\n\n\n\n<p>OVH<\/p>\n\n\n\n<p>dessen Hauptsitz sich an folgender Adresse befindet: 2 rue Kellermann \u2013 59100 Roubaix.<\/p>\n\n\n\n<p>im Folgenden \u00ab&nbsp;der Hosting-Anbieter&nbsp;\u00bb genannt<\/p>\n\n\n\n<hr class=\"wp-block-separator has-alpha-channel-opacity\"\/>\n\n\n\n<p>Als Nutzer gelten alle Internetnutzer, die die Website Recettesgrandmere durchsuchen, lesen, ansehen und nutzen.<\/p>\n\n\n\n<p>im Folgenden \u00ab&nbsp;Nutzer&nbsp;\u00bb genannt.<\/p>\n\n\n\n<p>ARTIKEL 2 \u2013 ZUG\u00c4NGLICHKEIT<\/p>\n\n\n\n<p>Die Website ist f\u00fcr die Nutzer grunds\u00e4tzlich 24 Stunden am Tag und 7 Tage die Woche zug\u00e4nglich, au\u00dfer bei geplanten oder ungeplanten Unterbrechungen f\u00fcr Wartungsarbeiten oder im Falle h\u00f6herer Gewalt.<\/p>\n\n\n\n<p>Sollte der Zugang zur Website nicht m\u00f6glich sein, verpflichtet sich die Website, alles in ihrer Macht Stehende zu tun, um den Zugang wieder herzustellen. Die Website kann nicht f\u00fcr Sch\u00e4den jeglicher Art haftbar gemacht werden, die sich aus ihrer Nichtverf\u00fcgbarkeit ergeben.<\/p>\n\n\n\n<p>ARTIKEL 3 \u2013 DATENERHEBUNG UND DATENSCHUTZGESETZ<\/p>\n\n\n\n<p>Die Website Recettesgrandmere ist von der Anmeldung bei der Commission Nationale Informatique et Libert\u00e9s (CNIL) befreit, da sie keine Daten von Nutzern sammelt.<\/p>\n\n\n\n<p>ARTIKEL 4 \u2013 COOKIE-POLITIK<\/p>\n\n\n\n<p>Die Website Recettesgrandmere greift m\u00f6glicherweise auf \u00ab&nbsp;Cookie&nbsp;\u00bb-Techniken zur\u00fcck, die es ihr erm\u00f6glichen, Statistiken und Informationen \u00fcber den Datenverkehr zu verarbeiten, die Navigation zu erleichtern und den Service f\u00fcr den Komfort des Nutzers zu verbessern.<\/p>\n\n\n\n<p>In \u00dcbereinstimmung mit der europ\u00e4ischen Gesetzgebung hat die Website Recettesgrandmere ihre Datenschutzpolitik in Bezug auf Cookies aktualisiert. Dem Nutzer steht es frei, Cookies von allen Websites zu akzeptieren oder abzulehnen, indem er die Einstellungen seines Internetbrowsers \u00e4ndert.<\/p>\n\n\n\n<p>Hinterlegung von Cookies durch Sirdata<\/p>\n\n\n\n<p>Sirdata ist ein Datenmarketing-Unternehmen, das es seinen Kunden erm\u00f6glicht, den Nutzern relevante Angebote zu senden, die auf ihre Interessen zugeschnitten sind. Die von Sirdata gesammelten Daten werden je nach Zweck der Verarbeitung in \u00dcbereinstimmung mit den geltenden Gesetzen und dem Grundsatz der Datenminimierung f\u00fcr eine Dauer von maximal 365 Tagen aufbewahrt.<\/p>\n\n\n\n<p>Weitere Informationen: https:\/\/www.sirdata.com\/vie-privee\/<\/p>\n\n\n\n<p>Sie m\u00f6chten die Erfassung Ihrer Daten durch Sirdata deaktivieren: https:\/\/www.sirdata.com\/opt-out\/<\/p>\n\n\n\n<p>ARTIKEL 5 \u2013 ANWENDBARES RECHT UND GERICHTSBARKEIT<\/p>\n\n\n\n<p>Die vorliegenden rechtlichen Hinweise unterliegen dem franz\u00f6sischen Recht. Im Streitfall und wenn keine g\u00fctliche Einigung erzielt werden kann, wird die Streitigkeit gem\u00e4\u00df den geltenden Zust\u00e4ndigkeitsregeln vor die franz\u00f6sischen Gerichte gebracht.<\/p>\n\n\n\n<p>ARTIKEL 6 \u2013 KONTAKT<\/p>\n\n\n\n<p>F\u00fcr die Meldung illegaler Inhalte oder Aktivit\u00e4ten kann der Nutzer den Herausgeber unter folgender Adresse kontaktieren: contact@Recettesgrandmere.com oder per Einschreiben mit R\u00fcckschein, das an den Herausgeber unter den in diesem Impressum angegebenen Kontaktdaten gerichtet ist.<\/p>\n\n\n\n<p>Die Website Recettesgrandmere w\u00fcnscht Ihnen viel Spa\u00df beim Surfen!<\/p>\n\n\n\n<p>Gem\u00e4\u00df den Bestimmungen der Artikel 6-III und 19 des Gesetzes Nr. 2004-575 vom 21. Juni 2004 \u00fcber das Vertrauen in die digitale Wirtschaft, auch L.C.E.N. genannt, werden die Nutzer und Besucher der Website Recettesgrandmere auf die vorliegenden rechtlichen Hinweise hingewiesen.<\/p>\n\n\n\n<p>Die Website Recettesgrandmere ist unter folgender Adresse zug\u00e4nglich: https:\/\/Recettesgrandmere.com (nachstehend \u00ab&nbsp;die Website&nbsp;\u00bb). Der Zugriff auf und die Nutzung der Website unterliegen den nachstehend aufgef\u00fchrten \u00ab&nbsp;rechtlichen Hinweisen&nbsp;\u00bb sowie den geltenden Gesetzen und\/oder Vorschriften.<\/p>\n\n\n\n<p>Die Verbindung, die Nutzung und der Zugang zu dieser Website setzen voraus, dass der Internetnutzer alle Bestimmungen der vorliegenden rechtlichen Hinweise vollst\u00e4ndig und vorbehaltlos akzeptiert.<\/p>\n\n\n\n<p>ARTIKEL 1 \u2013 RECHTLICHE INFORMATIONEN<\/p>\n\n\n\n<p>Gem\u00e4\u00df Artikel 6 des Gesetzes Nr. 2004-575 vom 21. Juni 2004 \u00fcber das Vertrauen in die digitale Wirtschaft wird in diesem Artikel die Identit\u00e4t der verschiedenen Akteure im Rahmen der Erstellung und Betreuung der Website angegeben.<\/p>\n\n\n\n<p>OVH<\/p>\n\n\n\n<p>mit Sitz an der folgenden Adresse: 2 rue Kellermann \u2013 59100 Roubaix.<\/p>\n\n\n\n<p>im Folgenden \u00ab&nbsp;der Hoster&nbsp;\u00bb genannt.<\/p>\n\n\n\n<p>Als Nutzer gelten alle Internetnutzer, die auf der Website Recettesgrandmere navigieren, sie lesen, betrachten und nutzen.<\/p>\n\n\n\n<p>im Folgenden \u00ab&nbsp;Nutzer&nbsp;\u00bb genannt.<\/p>\n\n\n\n<p>ARTIKEL 2 \u2013 ZUG\u00c4NGLICHKEIT<\/p>\n\n\n\n<p>Die Website ist f\u00fcr die Nutzer grunds\u00e4tzlich 24 Stunden am Tag und 7 Tage die Woche zug\u00e4nglich, au\u00dfer bei geplanten oder ungeplanten Unterbrechungen f\u00fcr Wartungsarbeiten oder im Falle h\u00f6herer Gewalt.<\/p>\n\n\n\n<p>Sollte der Zugang zur Website nicht m\u00f6glich sein, verpflichtet sich die Website, alles in ihrer Macht Stehende zu tun, um den Zugang wiederherzustellen. Die Website kann nicht f\u00fcr Sch\u00e4den jeglicher Art haftbar gemacht werden, die sich aus ihrer Nichtverf\u00fcgbarkeit ergeben.<\/p>\n\n\n\n<p>ARTIKEL 3 \u2013 DATENERHEBUNG UND DATENSCHUTZGESETZ<\/p>\n\n\n\n<p>Die Website Recettesgrandmere ist von der Anmeldung bei der Commission Nationale Informatique et Libert\u00e9s (CNIL) befreit, da sie keine Daten von Nutzern sammelt.<\/p>\n\n\n\n<h2 class=\"wp-block-heading\"><strong><\/strong><\/h2>\n\n\n\n<p>ARTIKEL 4 \u2013 COOKIE-POLITIK<\/p>\n\n\n\n<p>Die Website Recettesgrandmere greift eventuell auf \u00ab&nbsp;Cookie&nbsp;\u00bb-Techniken zur\u00fcck, die es ihr erm\u00f6glichen, Statistiken und Informationen \u00fcber den Datenverkehr zu verarbeiten, die Navigation zu erleichtern und den Service f\u00fcr den Komfort des Nutzers zu verbessern.<\/p>\n\n\n\n<p>In \u00dcbereinstimmung mit der europ\u00e4ischen Gesetzgebung hat die Website Recettesgrandmere ihre Datenschutzpolitik in Bezug auf Cookies aktualisiert. Dem Nutzer steht es frei, Cookies von allen Websites zu akzeptieren oder abzulehnen, indem er die Einstellungen seines Internetbrowsers \u00e4ndert.<\/p>\n\n\n\n<p>Hinterlegung von Cookies durch Sirdata<\/p>\n\n\n\n<p>Sirdata ist ein Datenmarketing-Unternehmen, das es seinen Kunden erm\u00f6glicht, den Nutzern relevante Angebote zu senden, die auf ihre Interessen zugeschnitten sind. Die von Sirdata gesammelten Daten werden je nach Zweck der Verarbeitung in \u00dcbereinstimmung mit den geltenden Gesetzen und dem Grundsatz der Datenminimierung f\u00fcr eine Dauer von maximal 365 Tagen aufbewahrt.<\/p>\n\n\n\n<p>Weitere Informationen: https:\/\/www.sirdata.com\/vie-privee\/<\/p>\n\n\n\n<p>Sie m\u00f6chten die Erfassung Ihrer Daten durch Sirdata deaktivieren: https:\/\/www.sirdata.com\/opt-out\/<\/p>\n\n\n\n<p>ARTIKEL 5 \u2013 ANWENDBARES RECHT UND GERICHTSBARKEIT<\/p>\n\n\n\n<p>Die vorliegenden rechtlichen Hinweise unterliegen dem franz\u00f6sischen Recht. Im Streitfall und wenn keine g\u00fctliche Einigung erzielt werden kann, wird die Streitigkeit gem\u00e4\u00df den geltenden Zust\u00e4ndigkeitsregeln vor die franz\u00f6sischen Gerichte gebracht.<\/p>\n\n\n\n<p>ARTIKEL 6 \u2013 KONTAKT<\/p>\n\n\n\n<p>F\u00fcr die Meldung illegaler Inhalte oder Aktivit\u00e4ten kann der Nutzer den Herausgeber unter folgender Adresse kontaktieren: contact@Recettesgrandmere.com oder per Einschreiben mit R\u00fcckschein, das an den Herausgeber unter den in diesem Impressum angegebenen Kontaktdaten gerichtet ist.<\/p>\n\n\n\n<p>Die Website Recettesgrandmere w\u00fcnscht Ihnen viel Spa\u00df beim Surfen!<\/p>\n","protected":false},"excerpt":{"rendered":"<p>Gem\u00e4\u00df den Bestimmungen der Artikel 6-III und 19 des Gesetzes &hellip; <\/p>\n","protected":false},"author":1,"featured_media":0,"parent":0,"menu_order":0,"comment_status":"closed","ping_status":"closed","template":"","meta":{"footnotes":""},"class_list":["post-13","page","type-page","status-publish","hentry"],"_links":{"self":[{"href":"https:\/\/omasleckererezepte.com\/index.php?rest_route=\/wp\/v2\/pages\/13","targetHints":{"allow":["GET"]}}],"collection":[{"href":"https:\/\/omasleckererezepte.com\/index.php?rest_route=\/wp\/v2\/pages"}],"about":[{"href":"https:\/\/omasleckererezepte.com\/index.php?rest_route=\/wp\/v2\/types\/page"}],"author":[{"embeddable":true,"href":"https:\/\/omasleckererezepte.com\/index.php?rest_route=\/wp\/v2\/users\/1"}],"replies":[{"embeddable":true,"href":"https:\/\/omasleckererezepte.com\/index.php?rest_route=%2Fwp%2Fv2%2Fcomments&post=13"}],"version-history":[{"count":1,"href":"https:\/\/omasleckererezepte.com\/index.php?rest_route=\/wp\/v2\/pages\/13\/revisions"}],"predecessor-version":[{"id":14,"href":"https:\/\/omasleckererezepte.com\/index.php?rest_route=\/wp\/v2\/pages\/13\/revisions\/14"}],"wp:attachment":[{"href":"https:\/\/omasleckererezepte.com\/index.php?rest_route=%2Fwp%2Fv2%2Fmedia&parent=13"}],"curies":[{"name":"wp","href":"https:\/\/api.w.org\/{rel}","templated":true}]}}